{"id":21888,"date":"2023-06-30T13:12:17","date_gmt":"2023-06-30T12:12:17","guid":{"rendered":"https:\/\/nakonju.kshama.si\/?page_id=21888"},"modified":"2024-07-11T10:57:45","modified_gmt":"2024-07-11T09:57:45","slug":"carobni-svet-konj-za-zakljucene-skupine","status":"publish","type":"page","link":"https:\/\/nakonju.si\/eng\/carobni-svet-konj-za-zakljucene-skupine\/","title":{"rendered":"The magical world of horses for closed groups"},"content":{"rendered":"<div data-elementor-type=\"wp-page\" data-elementor-id=\"21888\" class=\"elementor elementor-21888\" data-elementor-post-type=\"page\">\n\t\t\t\t\t\t<section class=\"elementor-section elementor-top-section elementor-element elementor-element-4e88caf scheme_dark elementor-section-full_width elementor-section-height-default elementor-section-height-default sc_fly_static\" data-id=\"4e88caf\" data-element_type=\"section\" data-settings=\"{&quot;background_background&quot;:&quot;classic&quot;,&quot;jet_parallax_layout_list&quot;:[]}\">\n\t\t\t\t\t\t\t<div class=\"elementor-background-overlay\"><\/div>\n\t\t\t\t\t\t\t<div class=\"elementor-container elementor-column-gap-default\">\n\t\t\t\t\t<div class=\"elementor-column elementor-col-100 elementor-top-column elementor-element elementor-element-65ce59e sc_layouts_column_align_center sc_layouts_column sc-mobile_layouts_column_align_center sc_layouts_column sc_content_align_inherit sc_layouts_column_icons_position_left sc_fly_static\" data-id=\"65ce59e\" data-element_type=\"column\">\n\t\t\t<div class=\"elementor-widget-wrap elementor-element-populated\">\n\t\t\t\t\t\t<div class=\"elementor-element elementor-element-8eac5f4 sc_height_huge sc_fly_static elementor-widget elementor-widget-spacer\" data-id=\"8eac5f4\" data-element_type=\"widget\" data-widget_type=\"spacer.default\">\n\t\t\t\t<div class=\"elementor-widget-container\">\n\t\t\t\t\t\t\t<div class=\"elementor-spacer\">\n\t\t\t<div class=\"elementor-spacer-inner\"><\/div>\n\t\t<\/div>\n\t\t\t\t\t\t<\/div>\n\t\t\t\t<\/div>\n\t\t\t\t<div class=\"elementor-element elementor-element-a05ef49 sc_height_huge sc_fly_static elementor-widget elementor-widget-spacer\" data-id=\"a05ef49\" data-element_type=\"widget\" data-widget_type=\"spacer.default\">\n\t\t\t\t<div class=\"elementor-widget-container\">\n\t\t\t\t\t\t\t<div class=\"elementor-spacer\">\n\t\t\t<div class=\"elementor-spacer-inner\"><\/div>\n\t\t<\/div>\n\t\t\t\t\t\t<\/div>\n\t\t\t\t<\/div>\n\t\t\t\t<div class=\"elementor-element elementor-element-74a3ee9 sc_fly_static elementor-widget elementor-widget-heading\" data-id=\"74a3ee9\" data-element_type=\"widget\" data-widget_type=\"heading.default\">\n\t\t\t\t<div class=\"elementor-widget-container\">\n\t\t\t\t\t<h2 class=\"elementor-heading-title elementor-size-default\">The magical world of horses for closed groups<\/h2>\t\t\t\t<\/div>\n\t\t\t\t<\/div>\n\t\t\t\t<div class=\"elementor-element elementor-element-a2059f2 sc_height_huge sc_fly_static elementor-widget elementor-widget-spacer\" data-id=\"a2059f2\" data-element_type=\"widget\" data-widget_type=\"spacer.default\">\n\t\t\t\t<div class=\"elementor-widget-container\">\n\t\t\t\t\t\t\t<div class=\"elementor-spacer\">\n\t\t\t<div class=\"elementor-spacer-inner\"><\/div>\n\t\t<\/div>\n\t\t\t\t\t\t<\/div>\n\t\t\t\t<\/div>\n\t\t\t\t<div class=\"elementor-element elementor-element-030cc03 sc_height_huge sc_fly_static elementor-widget elementor-widget-spacer\" data-id=\"030cc03\" data-element_type=\"widget\" data-widget_type=\"spacer.default\">\n\t\t\t\t<div class=\"elementor-widget-container\">\n\t\t\t\t\t\t\t<div class=\"elementor-spacer\">\n\t\t\t<div class=\"elementor-spacer-inner\"><\/div>\n\t\t<\/div>\n\t\t\t\t\t\t<\/div>\n\t\t\t\t<\/div>\n\t\t\t\t\t<\/div>\n\t\t<\/div>\n\t\t\t\t\t<\/div>\n\t\t<\/section>\n\t\t\t\t<section class=\"elementor-section elementor-top-section elementor-element elementor-element-4b26772 elementor-section-boxed elementor-section-height-default elementor-section-height-default sc_fly_static\" data-id=\"4b26772\" data-element_type=\"section\" data-settings=\"{&quot;jet_parallax_layout_list&quot;:[]}\">\n\t\t\t\t\t\t<div class=\"elementor-container elementor-column-gap-extended\">\n\t\t\t\t\t<div class=\"elementor-column elementor-col-100 elementor-top-column elementor-element elementor-element-dfaa8c9 sc_content_align_inherit sc_layouts_column_icons_position_left sc_fly_static\" data-id=\"dfaa8c9\" data-element_type=\"column\">\n\t\t\t<div class=\"elementor-widget-wrap elementor-element-populated\">\n\t\t\t\t\t\t<div class=\"elementor-element elementor-element-ea017af sc_height_huge sc_fly_static elementor-widget elementor-widget-spacer\" data-id=\"ea017af\" data-element_type=\"widget\" data-widget_type=\"spacer.default\">\n\t\t\t\t<div class=\"elementor-widget-container\">\n\t\t\t\t\t\t\t<div class=\"elementor-spacer\">\n\t\t\t<div class=\"elementor-spacer-inner\"><\/div>\n\t\t<\/div>\n\t\t\t\t\t\t<\/div>\n\t\t\t\t<\/div>\n\t\t\t\t\t<\/div>\n\t\t<\/div>\n\t\t\t\t\t<\/div>\n\t\t<\/section>\n\t\t\t\t<section class=\"elementor-section elementor-top-section elementor-element elementor-element-305e6d2 elementor-section-boxed elementor-section-height-default elementor-section-height-default sc_fly_static\" data-id=\"305e6d2\" data-element_type=\"section\" data-settings=\"{&quot;jet_parallax_layout_list&quot;:[],&quot;background_background&quot;:&quot;classic&quot;}\">\n\t\t\t\t\t\t<div class=\"elementor-container elementor-column-gap-extended\">\n\t\t\t\t\t<div class=\"elementor-column elementor-col-100 elementor-top-column elementor-element elementor-element-51729e5 sc_content_align_inherit sc_layouts_column_icons_position_left sc_fly_static\" data-id=\"51729e5\" data-element_type=\"column\" data-settings=\"{&quot;background_background&quot;:&quot;classic&quot;}\">\n\t\t\t<div class=\"elementor-widget-wrap elementor-element-populated\">\n\t\t\t\t\t\t<div class=\"elementor-element elementor-element-e87e318 sc_fly_static elementor-widget elementor-widget-text-editor\" data-id=\"e87e318\" data-element_type=\"widget\" data-widget_type=\"text-editor.default\">\n\t\t\t\t<div class=\"elementor-widget-container\">\n\t\t\t\t\t\t\t\t\t<p>In the middle of the Dravsko polje is the estate of the Staro\u0161ince Equestrian Park, where twenty wonderful four-legged animals have found their place under the sun. They expect you to get to know their everyday life and taste the magic of friendship between horse and man.<\/p><p>As part of our activities, we also run one-day and multi-day programs for various closed groups:<\/p><ul><li>completed groups of children and adolescents from educational institutions,<\/li><li>closed groups of persons from social welfare institutions,<\/li><li>closed groups of students and other professional groups,<\/li><li>closed groups of adults (companies and organizations, parents, members of societies, friends, sports or cultural teams,...),<\/li><\/ul><p>We have also prepared for companies and organizations<\/p><ul><li>team experience in nature and<\/li><li>corporate volunteer campaign.<\/li><\/ul>\t\t\t\t\t\t\t\t<\/div>\n\t\t\t\t<\/div>\n\t\t\t\t<div class=\"elementor-element elementor-element-a346609 sc_height_medium sc_fly_static elementor-widget elementor-widget-spacer\" data-id=\"a346609\" data-element_type=\"widget\" data-widget_type=\"spacer.default\">\n\t\t\t\t<div class=\"elementor-widget-container\">\n\t\t\t\t\t\t\t<div class=\"elementor-spacer\">\n\t\t\t<div class=\"elementor-spacer-inner\"><\/div>\n\t\t<\/div>\n\t\t\t\t\t\t<\/div>\n\t\t\t\t<\/div>\n\t\t\t\t<div class=\"elementor-element elementor-element-5b81b42 sc_fly_static elementor-widget elementor-widget-image\" data-id=\"5b81b42\" data-element_type=\"widget\" data-widget_type=\"image.default\">\n\t\t\t\t<div class=\"elementor-widget-container\">\n\t\t\t\t\t\t\t\t\t\t\t\t\t\t\t<img fetchpriority=\"high\" decoding=\"async\" width=\"1000\" height=\"750\" src=\"https:\/\/nakonju.si\/wp-content\/uploads\/2023\/06\/2.0_3qBk.0_3qBkattachmenta2_TEAM-BUILDING-10.jpg\" class=\"attachment-large size-large wp-image-21781\" alt=\"\" srcset=\"https:\/\/nakonju.si\/wp-content\/uploads\/2023\/06\/2.0_3qBk.0_3qBkattachmenta2_TEAM-BUILDING-10.jpg 1000w, https:\/\/nakonju.si\/wp-content\/uploads\/2023\/06\/2.0_3qBk.0_3qBkattachmenta2_TEAM-BUILDING-10-300x225.jpg 300w, https:\/\/nakonju.si\/wp-content\/uploads\/2023\/06\/2.0_3qBk.0_3qBkattachmenta2_TEAM-BUILDING-10-768x576.jpg 768w, https:\/\/nakonju.si\/wp-content\/uploads\/2023\/06\/2.0_3qBk.0_3qBkattachmenta2_TEAM-BUILDING-10-16x12.jpg 16w, https:\/\/nakonju.si\/wp-content\/uploads\/2023\/06\/2.0_3qBk.0_3qBkattachmenta2_TEAM-BUILDING-10-370x278.jpg 370w, https:\/\/nakonju.si\/wp-content\/uploads\/2023\/06\/2.0_3qBk.0_3qBkattachmenta2_TEAM-BUILDING-10-840x630.jpg 840w, https:\/\/nakonju.si\/wp-content\/uploads\/2023\/06\/2.0_3qBk.0_3qBkattachmenta2_TEAM-BUILDING-10-410x308.jpg 410w, https:\/\/nakonju.si\/wp-content\/uploads\/2023\/06\/2.0_3qBk.0_3qBkattachmenta2_TEAM-BUILDING-10-600x450.jpg 600w\" sizes=\"(max-width: 1000px) 100vw, 1000px\" \/>\t\t\t\t\t\t\t\t\t\t\t\t\t\t\t<\/div>\n\t\t\t\t<\/div>\n\t\t\t\t<div class=\"elementor-element elementor-element-28a121a sc_height_medium sc_fly_static elementor-widget elementor-widget-spacer\" data-id=\"28a121a\" data-element_type=\"widget\" data-widget_type=\"spacer.default\">\n\t\t\t\t<div class=\"elementor-widget-container\">\n\t\t\t\t\t\t\t<div class=\"elementor-spacer\">\n\t\t\t<div class=\"elementor-spacer-inner\"><\/div>\n\t\t<\/div>\n\t\t\t\t\t\t<\/div>\n\t\t\t\t<\/div>\n\t\t\t\t<div class=\"elementor-element elementor-element-ec08473 sc_fly_static elementor-widget elementor-widget-text-editor\" data-id=\"ec08473\" data-element_type=\"widget\" data-widget_type=\"text-editor.default\">\n\t\t\t\t<div class=\"elementor-widget-container\">\n\t\t\t\t\t\t\t\t\t<p><strong>What awaits you in the company of horses?<\/strong><\/p><p>You will get to know the world of horses, and you will also get to know and connect with each other.<\/p><p>In a special and at the same time fun way, you will refresh the principles of group dynamics and the steps to better mutual relations.<\/p><p>You will see the stable, learn about stable tasks and walk through the vast pastures. You will also have the opportunity to meet our horses &quot;in person&quot;.<\/p><p>You will also relax and expand your horizons.<\/p><p>We always do our best to prepare a program that meets your wishes and is adapted to the needs of your group.<\/p><p>You can spend a few hours, a whole day or even several days with us, as we also have overnight facilities available.<\/p><p>Based on the prepared program, we also determine the price of your socializing.<\/p><p>\u00a0<\/p>\t\t\t\t\t\t\t\t<\/div>\n\t\t\t\t<\/div>\n\t\t\t\t<div class=\"elementor-element elementor-element-3a72764 elementor-align-justify elementor-widget__width-initial sc_fly_static elementor-widget elementor-widget-button\" data-id=\"3a72764\" data-element_type=\"widget\" data-widget_type=\"button.default\">\n\t\t\t\t<div class=\"elementor-widget-container\">\n\t\t\t\t\t\t\t\t\t<div class=\"elementor-button-wrapper\">\n\t\t\t\t\t<a class=\"elementor-button elementor-button-link elementor-size-sm\" href=\"#elementor-action%3Aaction%3Dpopup%3Aopen%26settings%3DeyJpZCI6IjIyNjcwIiwidG9nZ2xlIjpmYWxzZX0%3D\">\n\t\t\t\t\t\t<span class=\"elementor-button-content-wrapper\">\n\t\t\t\t\t\t\t\t\t<span class=\"elementor-button-text\">Demand<\/span>\n\t\t\t\t\t<\/span>\n\t\t\t\t\t<\/a>\n\t\t\t\t<\/div>\n\t\t\t\t\t\t\t\t<\/div>\n\t\t\t\t<\/div>\n\t\t\t\t\t<\/div>\n\t\t<\/div>\n\t\t\t\t\t<\/div>\n\t\t<\/section>\n\t\t\t\t<section class=\"elementor-section elementor-top-section elementor-element elementor-element-58ad2d0 elementor-section-boxed elementor-section-height-default elementor-section-height-default sc_fly_static\" data-id=\"58ad2d0\" data-element_type=\"section\" data-settings=\"{&quot;jet_parallax_layout_list&quot;:[]}\">\n\t\t\t\t\t\t<div class=\"elementor-container elementor-column-gap-extended\">\n\t\t\t\t\t<div class=\"elementor-column elementor-col-100 elementor-top-column elementor-element elementor-element-ae56816 sc_content_align_inherit sc_layouts_column_icons_position_left sc_fly_static\" data-id=\"ae56816\" data-element_type=\"column\">\n\t\t\t<div class=\"elementor-widget-wrap\">\n\t\t\t\t\t\t\t<\/div>\n\t\t<\/div>\n\t\t\t\t\t<\/div>\n\t\t<\/section>\n\t\t\t\t<section class=\"elementor-section elementor-top-section elementor-element elementor-element-8e7324a elementor-section-boxed elementor-section-height-default elementor-section-height-default sc_fly_static\" data-id=\"8e7324a\" data-element_type=\"section\" data-settings=\"{&quot;jet_parallax_layout_list&quot;:[]}\">\n\t\t\t\t\t\t<div class=\"elementor-container elementor-column-gap-extended\">\n\t\t\t\t\t<div class=\"elementor-column elementor-col-100 elementor-top-column elementor-element elementor-element-77f1b45 sc_content_align_inherit sc_layouts_column_icons_position_left sc_fly_static\" data-id=\"77f1b45\" data-element_type=\"column\">\n\t\t\t<div class=\"elementor-widget-wrap\">\n\t\t\t\t\t\t\t<\/div>\n\t\t<\/div>\n\t\t\t\t\t<\/div>\n\t\t<\/section>\n\t\t\t\t<\/div>","protected":false},"excerpt":{"rendered":"<p>\u010carobni svet konj za zaklju\u010dene skupine Sredi Dravskega polja se razprostira posestvo Konjeni\u0161kega parka Staro\u0161ince, kjer je svoj prostor pod soncem na\u0161lo dvajset \u010dudovitih \u0161tirino\u017ecev. Pri\u010dakujejo vas, da spoznate njihov&hellip;<\/p>","protected":false},"author":1,"featured_media":0,"parent":0,"menu_order":0,"comment_status":"closed","ping_status":"closed","template":"","meta":{"footnotes":""},"class_list":["post-21888","page","type-page","status-publish","hentry"],"_links":{"self":[{"href":"https:\/\/nakonju.si\/eng\/wp-json\/wp\/v2\/pages\/21888","targetHints":{"allow":["GET"]}}],"collection":[{"href":"https:\/\/nakonju.si\/eng\/wp-json\/wp\/v2\/pages"}],"about":[{"href":"https:\/\/nakonju.si\/eng\/wp-json\/wp\/v2\/types\/page"}],"author":[{"embeddable":true,"href":"https:\/\/nakonju.si\/eng\/wp-json\/wp\/v2\/users\/1"}],"replies":[{"embeddable":true,"href":"https:\/\/nakonju.si\/eng\/wp-json\/wp\/v2\/comments?post=21888"}],"version-history":[{"count":0,"href":"https:\/\/nakonju.si\/eng\/wp-json\/wp\/v2\/pages\/21888\/revisions"}],"wp:attachment":[{"href":"https:\/\/nakonju.si\/eng\/wp-json\/wp\/v2\/media?parent=21888"}],"curies":[{"name":"wp","href":"https:\/\/api.w.org\/{rel}","templated":true}]}}