{"id":22085,"date":"2023-07-06T09:11:14","date_gmt":"2023-07-06T08:11:14","guid":{"rendered":"https:\/\/nakonju.kshama.si\/?post_type=product&#038;p=22085"},"modified":"2023-07-06T09:15:23","modified_gmt":"2023-07-06T08:15:23","slug":"izobrazevalni-program-vodnik-konja-v-programih-intervenc-s-pomocjo-konja","status":"publish","type":"product","link":"https:\/\/nakonju.si\/eng\/product\/izobrazevalni-program-vodnik-konja-v-programih-intervenc-s-pomocjo-konja\/","title":{"rendered":"Educational program &quot;Horse handler in horse-assisted intervention programs&quot;"},"content":{"rendered":"<p><strong>Scope and duration of the program<\/strong><br \/>\nThe program lasts 4 months and includes 90 teaching hours, divided into four different content modules and an additional exam module.<\/p>\n<p><strong>Enrollment conditions<\/strong><br \/>\n\u2013 completed at least IV. level of education of any field<br \/>\n- at least 1 year of experience working with people<br \/>\n- at least 3 years of experience working with horses<br \/>\n\u2013 the knowledge of lunging a horse<br \/>\n- knowledge of dressage riding at the basic level<\/p>","protected":false},"excerpt":{"rendered":"<p>Obseg in trajanje programa Program traja 4 mesece in obsega 90 pedago\u0161kih ur, razporejenih v \u0161tiri razli\u010dne vsebinske module ter dodatni izpitni modul. Pogoji za vpis &#8211; zaklju\u010dena najmanj IV.&hellip;<\/p>","protected":false},"featured_media":22078,"template":"","meta":[],"product_brand":[],"product_cat":[202],"product_tag":[],"class_list":{"0":"post-22085","1":"product","2":"type-product","3":"status-publish","4":"has-post-thumbnail","6":"product_cat-izobrazevanje","8":"first","9":"instock","10":"taxable","11":"shipping-taxable","12":"purchasable","13":"product-type-simple"},"_links":{"self":[{"href":"https:\/\/nakonju.si\/eng\/wp-json\/wp\/v2\/product\/22085","targetHints":{"allow":["GET"]}}],"collection":[{"href":"https:\/\/nakonju.si\/eng\/wp-json\/wp\/v2\/product"}],"about":[{"href":"https:\/\/nakonju.si\/eng\/wp-json\/wp\/v2\/types\/product"}],"version-history":[{"count":0,"href":"https:\/\/nakonju.si\/eng\/wp-json\/wp\/v2\/product\/22085\/revisions"}],"wp:featuredmedia":[{"embeddable":true,"href":"https:\/\/nakonju.si\/eng\/wp-json\/wp\/v2\/media\/22078"}],"wp:attachment":[{"href":"https:\/\/nakonju.si\/eng\/wp-json\/wp\/v2\/media?parent=22085"}],"wp:term":[{"taxonomy":"product_brand","embeddable":true,"href":"https:\/\/nakonju.si\/eng\/wp-json\/wp\/v2\/product_brand?post=22085"},{"taxonomy":"product_cat","embeddable":true,"href":"https:\/\/nakonju.si\/eng\/wp-json\/wp\/v2\/product_cat?post=22085"},{"taxonomy":"product_tag","embeddable":true,"href":"https:\/\/nakonju.si\/eng\/wp-json\/wp\/v2\/product_tag?post=22085"}],"curies":[{"name":"wp","href":"https:\/\/api.w.org\/{rel}","templated":true}]}}